{"id":56191,"date":"2020-02-12T17:25:12","date_gmt":"2020-02-12T16:25:12","guid":{"rendered":"https:\/\/www.josefbecvar.com\/?page_id=56191"},"modified":"2020-04-16T20:37:12","modified_gmt":"2020-04-16T18:37:12","slug":"terms-conditions","status":"publish","type":"page","link":"https:\/\/www.josefbecvar.com\/en\/terms-conditions\/","title":{"rendered":"Terms &#038; conditions"},"content":{"rendered":"<p>Ud\u011blujete t\u00edmto souhlas aby ve smyslu na\u0159\u00edzen\u00ed Evropsk\u00e9ho parlamentu a Rady (EU) \u010d. 2016\/679 o ochran\u011b fyzick\u00fdch osob v souvislosti se zpracov\u00e1n\u00edm osobn\u00edch \u00fadaj\u016f a o voln\u00e9m pohybu t\u011bchto \u00fadaj\u016f a o zru\u0161en\u00ed sm\u011brnice 95\/46\/ES (obecn\u00e9 na\u0159\u00edzen\u00ed o ochran\u011b osobn\u00edch \u00fadaj\u016f) (d\u00e1le jen \u201eNa\u0159\u00edzen\u00ed\u201c) zpracov\u00e1vala tyto osobn\u00ed \u00fadaje:<br \/>\njm\u00e9no a\u00a0p\u0159\u00edjmen\u00ed<br \/>\ne-mail<\/p>\n<p>Jm\u00e9no, p\u0159\u00edjmen\u00ed a\u00a0e-mail je mo\u017en\u00e9 zpracovat na\u00a0z\u00e1klad\u011b V\u00e1mi ud\u011blen\u00e9ho souhlasu a\u00a0je nutn\u00e9 zpracovat za\u00a0\u00fa\u010delem emailov\u00e9 komunikace . Tyto \u00fadaje budou Spr\u00e1vcem zpracov\u00e1ny po\u00a0dobu 5 let.<\/p>\n<p>S v\u00fd\u0161e uveden\u00fdm zpracov\u00e1n\u00edm ud\u011blujete sv\u016fj v\u00fdslovn\u00fd souhlas. Poskytnut\u00ed osobn\u00edch \u00fadaj\u016f je dobrovoln\u00e9. Souhlas lze vz\u00edt kdykoliv zp\u011bt, a to nap\u0159\u00edklad zasl\u00e1n\u00edm emailu nebo dopisu na kontaktn\u00ed \u00fadaje.<\/p>\n<p>Zpracov\u00e1n\u00ed osobn\u00edch \u00fadaj\u016f je prov\u00e1d\u011bno Spr\u00e1vcem, osobn\u00ed \u00fadaje v\u0161ak pro Spr\u00e1vce mohou zpracov\u00e1vat i\u00a0tito zpracovatel\u00e9:<br \/>\nAgentura Bflow agency, a.s.<br \/>\nP\u0159\u00edpadn\u011b dal\u0161\u00ed poskytovatel\u00e9 zpracovatelsk\u00fdch softwar\u016f, slu\u017eeb a\u00a0aplikac\u00ed, kter\u00e9 v\u0161ak v\u00a0sou\u010dasn\u00e9 dob\u011b spole\u010dnost nevyu\u017e\u00edv\u00e1.<\/p>\n<p>Vezm\u011bte, pros\u00edme, na\u00a0v\u011bdom\u00ed, \u017ee podle Na\u0159\u00edzen\u00ed m\u00e1te pr\u00e1vo:<br \/>\nvz\u00edt souhlas kdykoliv zp\u011bt,<br \/>\npo\u017eadovat po\u00a0n\u00e1s informaci, jak\u00e9 va\u0161e osobn\u00ed \u00fadaje zpracov\u00e1v\u00e1me, \u017e\u00e1dat si kopii t\u011bchto \u00fadaj\u016f,<br \/>\nvy\u017e\u00e1dat si u\u00a0n\u00e1s p\u0159\u00edstup k\u00a0t\u011bmto \u00fadaj\u016fm a\u00a0tyto nechat aktualizovat nebo opravit, pop\u0159\u00edpad\u011b po\u017eadovat omezen\u00ed zpracov\u00e1n\u00ed,<br \/>\npo\u017eadovat po\u00a0n\u00e1s v\u00fdmaz t\u011bchto osobn\u00edch \u00fadaj\u016f,<br \/>\nna p\u0159enositelnost \u00fadaj\u016f,<br \/>\npodat st\u00ed\u017enost u\u00a0\u00da\u0159adu pro ochranu osobn\u00edch \u00fadaj\u016f nebo se obr\u00e1tit na\u00a0soud.<\/p>\n<p>&nbsp;<\/p>\n<p>V Praze 29.01.2020<\/p>\n","protected":false},"excerpt":{"rendered":"<p>Ud\u011blujete t\u00edmto souhlas aby ve smyslu na\u0159\u00edzen\u00ed Evropsk\u00e9ho parlamentu a Rady (EU) \u010d. 2016\/679 o ochran\u011b fyzick\u00fdch osob v souvislosti se zpracov\u00e1n\u00edm osobn\u00edch \u00fadaj\u016f a o voln\u00e9m pohybu t\u011bchto \u00fadaj\u016f a o zru\u0161en\u00ed sm\u011brnice 95\/46\/ES (obecn\u00e9 na\u0159\u00edzen\u00ed o ochran\u011b osobn\u00edch \u00fadaj\u016f) (d\u00e1le jen \u201eNa\u0159\u00edzen\u00ed\u201c) zpracov\u00e1vala tyto osobn\u00ed \u00fadaje: jm\u00e9no a\u00a0p\u0159\u00edjmen\u00ed e-mail Jm\u00e9no, p\u0159\u00edjmen\u00ed a\u00a0e-mail je&hellip;<\/p>\n","protected":false},"author":1,"featured_media":0,"parent":0,"menu_order":0,"comment_status":"closed","ping_status":"closed","template":"","meta":[],"_links":{"self":[{"href":"https:\/\/www.josefbecvar.com\/en\/wp-json\/wp\/v2\/pages\/56191"}],"collection":[{"href":"https:\/\/www.josefbecvar.com\/en\/wp-json\/wp\/v2\/pages"}],"about":[{"href":"https:\/\/www.josefbecvar.com\/en\/wp-json\/wp\/v2\/types\/page"}],"author":[{"embeddable":true,"href":"https:\/\/www.josefbecvar.com\/en\/wp-json\/wp\/v2\/users\/1"}],"replies":[{"embeddable":true,"href":"https:\/\/www.josefbecvar.com\/en\/wp-json\/wp\/v2\/comments?post=56191"}],"version-history":[{"count":0,"href":"https:\/\/www.josefbecvar.com\/en\/wp-json\/wp\/v2\/pages\/56191\/revisions"}],"wp:attachment":[{"href":"https:\/\/www.josefbecvar.com\/en\/wp-json\/wp\/v2\/media?parent=56191"}],"curies":[{"name":"wp","href":"https:\/\/api.w.org\/{rel}","templated":true}]}}